{"id":12,"date":"2024-05-07T00:38:31","date_gmt":"2024-05-06T22:38:31","guid":{"rendered":"http:\/\/www.tocl.store\/?page_id=12"},"modified":"2026-05-15T13:45:38","modified_gmt":"2026-05-15T11:45:38","slug":"tocl","status":"publish","type":"page","link":"https:\/\/www.tocl.store\/index.php\/tocl\/","title":{"rendered":"QUI EST T\u00d3CL?"},"content":{"rendered":"\t\t<div data-elementor-type=\"wp-page\" data-elementor-id=\"12\" class=\"elementor elementor-12\">\n\t\t\t\t<div class=\"elementor-element elementor-element-9d51b44 e-flex e-con-boxed e-con e-parent\" data-id=\"9d51b44\" data-element_type=\"container\" data-e-type=\"container\" data-settings=\"{&quot;background_background&quot;:&quot;classic&quot;}\">\n\t\t\t\t\t<div class=\"e-con-inner\">\n\t\t\t\t<div class=\"elementor-element elementor-element-6d90ce7 elementor-widget elementor-widget-heading\" data-id=\"6d90ce7\" data-element_type=\"widget\" data-e-type=\"widget\" data-widget_type=\"heading.default\">\n\t\t\t\t\t<h2 class=\"elementor-heading-title elementor-size-default\">QUI EST T\u00d3CL ?<\/h2>\t\t\t\t<\/div>\n\t\t\t\t\t<\/div>\n\t\t\t\t<\/div>\n\t\t<div class=\"elementor-element elementor-element-00309f4 e-flex e-con-boxed e-con e-parent\" data-id=\"00309f4\" data-element_type=\"container\" data-e-type=\"container\" data-settings=\"{&quot;background_background&quot;:&quot;classic&quot;}\">\n\t\t\t\t\t<div class=\"e-con-inner\">\n\t\t<div class=\"elementor-element elementor-element-863c96f e-con-full e-flex e-con e-child\" data-id=\"863c96f\" data-element_type=\"container\" data-e-type=\"container\">\n\t\t\t\t<div class=\"elementor-element elementor-element-797b7ab elementor-widget-mobile__width-inherit elementor-widget elementor-widget-image\" data-id=\"797b7ab\" data-element_type=\"widget\" data-e-type=\"widget\" data-widget_type=\"image.default\">\n\t\t\t\t\t\t\t\t\t\t\t\t\t\t\t<img fetchpriority=\"high\" decoding=\"async\" width=\"1536\" height=\"1024\" src=\"https:\/\/www.tocl.store\/wp-content\/uploads\/2026\/02\/80961D0E-C756-4F25-9496-95EFFFA144C0.jpeg\" class=\"attachment-full size-full wp-image-801\" alt=\"\" srcset=\"https:\/\/www.tocl.store\/wp-content\/uploads\/2026\/02\/80961D0E-C756-4F25-9496-95EFFFA144C0.jpeg 1536w, https:\/\/www.tocl.store\/wp-content\/uploads\/2026\/02\/80961D0E-C756-4F25-9496-95EFFFA144C0-300x200.jpeg 300w, https:\/\/www.tocl.store\/wp-content\/uploads\/2026\/02\/80961D0E-C756-4F25-9496-95EFFFA144C0-1024x683.jpeg 1024w, https:\/\/www.tocl.store\/wp-content\/uploads\/2026\/02\/80961D0E-C756-4F25-9496-95EFFFA144C0-768x512.jpeg 768w, https:\/\/www.tocl.store\/wp-content\/uploads\/2026\/02\/80961D0E-C756-4F25-9496-95EFFFA144C0-600x400.jpeg 600w\" sizes=\"(max-width: 1536px) 100vw, 1536px\" \/>\t\t\t\t\t\t\t\t\t\t\t\t\t\t\t<\/div>\n\t\t\t\t<\/div>\n\t\t<div class=\"elementor-element elementor-element-a7cd039 e-con-full e-flex e-con e-child\" data-id=\"a7cd039\" data-element_type=\"container\" data-e-type=\"container\">\n\t\t\t\t<div class=\"elementor-element elementor-element-1ae031c elementor-widget elementor-widget-text-editor\" data-id=\"1ae031c\" data-element_type=\"widget\" data-e-type=\"widget\" data-widget_type=\"text-editor.default\">\n\t\t\t\t\t\t\t\t\t<p><strong>T\u00d3CL<\/strong> est n\u00e9e d\u2019un manque devenu force.<\/p><p>Un manque d\u2019acc\u00e8s \u00e0 l\u2019art.<br \/>Une envie de cr\u00e9er sans cadre, sans compromis. <br \/>Ici, l\u2019art ne reste pas accroch\u00e9 \u00e0 un mur. <br \/>Il se porte. Il marche. Il vit dans la rue.<\/p><p>Le singe est l\u2019embl\u00e8me de <strong>T\u00d3CL<\/strong>.<\/p><p>Il incarne notre instinct, notre conscience, notre lien au vivant. <br \/>Chaque pi\u00e8ce est pens\u00e9e comme une \u0153uvre mobile. <br \/>Rien n\u2019est d\u00e9coratif. Tout a un sens.<\/p><p>Ancr\u00e9e dans des racines portugaises, <strong>T\u00d3CL<\/strong> porte l\u2019h\u00e9ritage d\u2019une culture fa\u00e7onn\u00e9e par le courage et la r\u00e9silience.<\/p><p>Construire avec exigence. <br \/>Cr\u00e9er avec intention. <br \/>Avancer avec dignit\u00e9.<\/p><h4 style=\"text-align: center;\"><strong><span style=\"color: #ffcc00;\">PLUS QU\u2019UN V\u00caTEMENT, UNE LIGN\u00c9E.<\/span><\/strong><\/h4>\t\t\t\t\t\t\t\t<\/div>\n\t\t\t\t<\/div>\n\t\t\t\t\t<\/div>\n\t\t\t\t<\/div>\n\t\t<div class=\"elementor-element elementor-element-9a32d54 e-flex e-con-boxed e-con e-parent\" data-id=\"9a32d54\" data-element_type=\"container\" data-e-type=\"container\" data-settings=\"{&quot;background_background&quot;:&quot;classic&quot;}\">\n\t\t\t\t\t<div class=\"e-con-inner\">\n\t\t\t\t<div class=\"elementor-element elementor-element-c85be8e elementor-widget elementor-widget-button\" data-id=\"c85be8e\" data-element_type=\"widget\" data-e-type=\"widget\" data-widget_type=\"button.default\">\n\t\t\t\t\t\t\t\t\t\t<a class=\"elementor-button elementor-button-link elementor-size-sm\" href=\"https:\/\/www.tocl.store\/index.php\/la-collection\/\">\n\t\t\t\t\t\t<span class=\"elementor-button-content-wrapper\">\n\t\t\t\t\t\t\t\t\t<span class=\"elementor-button-text\">LA COLLECTION<\/span>\n\t\t\t\t\t<\/span>\n\t\t\t\t\t<\/a>\n\t\t\t\t\t\t\t\t<\/div>\n\t\t\t\t\t<\/div>\n\t\t\t\t<\/div>\n\t\t\t\t<\/div>\n\t\t","protected":false},"excerpt":{"rendered":"<p>QUI EST T\u00d3CL ? T\u00d3CL est n\u00e9e d\u2019un manque devenu force. Un manque d\u2019acc\u00e8s \u00e0 l\u2019art.Une envie de cr\u00e9er sans cadre, sans compromis. Ici, l\u2019art ne reste pas accroch\u00e9 \u00e0 un mur. Il se porte. Il marche. Il vit dans la rue. Le singe est l\u2019embl\u00e8me de T\u00d3CL. Il incarne notre instinct, notre conscience, notre [&hellip;]<\/p>\n","protected":false},"author":1,"featured_media":0,"parent":0,"menu_order":0,"comment_status":"closed","ping_status":"closed","template":"elementor_header_footer","meta":{"om_disable_all_campaigns":false,"footnotes":""},"class_list":["post-12","page","type-page","status-publish","hentry"],"blocksy_meta":[],"jetpack_sharing_enabled":true,"_links":{"self":[{"href":"https:\/\/www.tocl.store\/index.php\/wp-json\/wp\/v2\/pages\/12","targetHints":{"allow":["GET"]}}],"collection":[{"href":"https:\/\/www.tocl.store\/index.php\/wp-json\/wp\/v2\/pages"}],"about":[{"href":"https:\/\/www.tocl.store\/index.php\/wp-json\/wp\/v2\/types\/page"}],"author":[{"embeddable":true,"href":"https:\/\/www.tocl.store\/index.php\/wp-json\/wp\/v2\/users\/1"}],"replies":[{"embeddable":true,"href":"https:\/\/www.tocl.store\/index.php\/wp-json\/wp\/v2\/comments?post=12"}],"version-history":[{"count":116,"href":"https:\/\/www.tocl.store\/index.php\/wp-json\/wp\/v2\/pages\/12\/revisions"}],"predecessor-version":[{"id":1551,"href":"https:\/\/www.tocl.store\/index.php\/wp-json\/wp\/v2\/pages\/12\/revisions\/1551"}],"wp:attachment":[{"href":"https:\/\/www.tocl.store\/index.php\/wp-json\/wp\/v2\/media?parent=12"}],"curies":[{"name":"wp","href":"https:\/\/api.w.org\/{rel}","templated":true}]}}