{"id":128,"date":"2026-02-07T20:03:23","date_gmt":"2026-02-07T19:03:23","guid":{"rendered":"https:\/\/www.tocl.store\/?post_type=product&#038;p=128"},"modified":"2026-02-17T11:13:02","modified_gmt":"2026-02-17T10:13:02","slug":"casquette-noire","status":"publish","type":"product","link":"https:\/\/www.tocl.store\/index.php\/produit\/casquette-noire\/","title":{"rendered":"Casquette T\u00d3CL"},"content":{"rendered":"<p>&nbsp;<\/p>\n<p>Casquette T\u00d3CL brod\u00e9e.<\/p>\n<p>Logo t\u00eate de singe signature \u00e0 l\u2019avant. Signature \u201cT\u00d3CL\u201d brod\u00e9e sur le c\u00f4t\u00e9 gauche.<\/p>\n<p>Disponible en Noir, Bordeaux et Violette.<\/p>\n<p>N\u00e9e dans la rue. Port\u00e9e comme un h\u00e9ritage.<\/p>\n<p><strong>Plus qu\u2019un v\u00eatement, une lign\u00e9e.<\/strong><\/p>\n","protected":false},"excerpt":{"rendered":"<p>&nbsp; Casquette T\u00d3CL brod\u00e9e. Logo t\u00eate de singe signature \u00e0 l\u2019avant. Signature \u201cT\u00d3CL\u201d brod\u00e9e sur le c\u00f4t\u00e9 gauche. Disponible en Noir, Bordeaux et Violette. N\u00e9e dans la rue. Port\u00e9e comme un h\u00e9ritage. Plus qu\u2019un v\u00eatement, une lign\u00e9e.<\/p>\n","protected":false},"featured_media":862,"comment_status":"closed","ping_status":"closed","template":"","meta":{"om_disable_all_campaigns":false},"product_brand":[25],"product_cat":[23],"product_tag":[],"class_list":{"0":"post-128","1":"product","2":"type-product","3":"status-publish","4":"has-post-thumbnail","6":"product_brand-tocl","7":"product_cat-casquettes","9":"first","10":"instock","11":"shipping-taxable","12":"purchasable","13":"product-type-variable"},"jetpack_sharing_enabled":true,"_links":{"self":[{"href":"https:\/\/www.tocl.store\/index.php\/wp-json\/wp\/v2\/product\/128","targetHints":{"allow":["GET"]}}],"collection":[{"href":"https:\/\/www.tocl.store\/index.php\/wp-json\/wp\/v2\/product"}],"about":[{"href":"https:\/\/www.tocl.store\/index.php\/wp-json\/wp\/v2\/types\/product"}],"replies":[{"embeddable":true,"href":"https:\/\/www.tocl.store\/index.php\/wp-json\/wp\/v2\/comments?post=128"}],"wp:featuredmedia":[{"embeddable":true,"href":"https:\/\/www.tocl.store\/index.php\/wp-json\/wp\/v2\/media\/862"}],"wp:attachment":[{"href":"https:\/\/www.tocl.store\/index.php\/wp-json\/wp\/v2\/media?parent=128"}],"wp:term":[{"taxonomy":"product_brand","embeddable":true,"href":"https:\/\/www.tocl.store\/index.php\/wp-json\/wp\/v2\/product_brand?post=128"},{"taxonomy":"product_cat","embeddable":true,"href":"https:\/\/www.tocl.store\/index.php\/wp-json\/wp\/v2\/product_cat?post=128"},{"taxonomy":"product_tag","embeddable":true,"href":"https:\/\/www.tocl.store\/index.php\/wp-json\/wp\/v2\/product_tag?post=128"}],"curies":[{"name":"wp","href":"https:\/\/api.w.org\/{rel}","templated":true}]}}