{"id":624,"date":"2026-02-07T21:23:13","date_gmt":"2026-02-07T20:23:13","guid":{"rendered":"https:\/\/www.tocl.store\/?post_type=product&#038;p=624"},"modified":"2026-02-17T11:11:26","modified_gmt":"2026-02-17T10:11:26","slug":"hoodie-tocl","status":"publish","type":"product","link":"https:\/\/www.tocl.store\/index.php\/produit\/hoodie-tocl\/","title":{"rendered":"Hoodie T\u00d3CL"},"content":{"rendered":"<p>Hoodie T\u00d3CL. Symbole fort au dos. Signature sur la manche.<\/p>\n<p>N\u00e9 dans la rue. H\u00e9ritage du clan.<\/p>\n<p><strong>Plus qu\u2019un v\u00eatement, une lign\u00e9e.<\/strong><\/p>\n<p>&nbsp;<\/p>\n<p>&#8211; 50% coton \/ 50% polyester<\/p>\n<p>&#8211; Coupe unisexe<\/p>\n<p>&#8211; Poche kangourou<\/p>\n<p>&#8211; Impression s\u00e9rigraphi\u00e9e haute qualit\u00e9<\/p>\n<p>&nbsp;<\/p>\n","protected":false},"excerpt":{"rendered":"<p>Hoodie T\u00d3CL. Symbole fort au dos. Signature sur la manche. N\u00e9 dans la rue. H\u00e9ritage du clan. Plus qu\u2019un v\u00eatement, une lign\u00e9e. &nbsp; &#8211; 50% coton \/ 50% polyester &#8211; Coupe unisexe &#8211; Poche kangourou &#8211; Impression s\u00e9rigraphi\u00e9e haute qualit\u00e9 &nbsp;<\/p>\n","protected":false},"featured_media":861,"comment_status":"closed","ping_status":"closed","template":"","meta":{"om_disable_all_campaigns":false},"product_brand":[25],"product_cat":[24],"product_tag":[],"class_list":{"0":"post-624","1":"product","2":"type-product","3":"status-publish","4":"has-post-thumbnail","6":"product_brand-tocl","7":"product_cat-hoodies","9":"first","10":"instock","11":"shipping-taxable","12":"purchasable","13":"product-type-variable"},"jetpack_sharing_enabled":true,"_links":{"self":[{"href":"https:\/\/www.tocl.store\/index.php\/wp-json\/wp\/v2\/product\/624","targetHints":{"allow":["GET"]}}],"collection":[{"href":"https:\/\/www.tocl.store\/index.php\/wp-json\/wp\/v2\/product"}],"about":[{"href":"https:\/\/www.tocl.store\/index.php\/wp-json\/wp\/v2\/types\/product"}],"replies":[{"embeddable":true,"href":"https:\/\/www.tocl.store\/index.php\/wp-json\/wp\/v2\/comments?post=624"}],"wp:featuredmedia":[{"embeddable":true,"href":"https:\/\/www.tocl.store\/index.php\/wp-json\/wp\/v2\/media\/861"}],"wp:attachment":[{"href":"https:\/\/www.tocl.store\/index.php\/wp-json\/wp\/v2\/media?parent=624"}],"wp:term":[{"taxonomy":"product_brand","embeddable":true,"href":"https:\/\/www.tocl.store\/index.php\/wp-json\/wp\/v2\/product_brand?post=624"},{"taxonomy":"product_cat","embeddable":true,"href":"https:\/\/www.tocl.store\/index.php\/wp-json\/wp\/v2\/product_cat?post=624"},{"taxonomy":"product_tag","embeddable":true,"href":"https:\/\/www.tocl.store\/index.php\/wp-json\/wp\/v2\/product_tag?post=624"}],"curies":[{"name":"wp","href":"https:\/\/api.w.org\/{rel}","templated":true}]}}